{"id":29,"date":"2018-09-21T21:30:57","date_gmt":"2018-09-21T19:30:57","guid":{"rendered":"https:\/\/pv-prutting-vogtareuth.de\/pfarrheim-st-emmeram\/?page_id=29"},"modified":"2019-02-03T10:09:35","modified_gmt":"2019-02-03T09:09:35","slug":"kleiner-gruppenraum","status":"publish","type":"page","link":"https:\/\/pv-prutting-vogtareuth.de\/pfarrheim-st-emmeram\/kleiner-gruppenraum\/","title":{"rendered":"Kleiner Gruppenraum"},"content":{"rendered":"<p>Dieser Gruppenraum ist ca. 23\u00a0m\u00b2 gro\u00df und ideal f\u00fcr Kleingruppen; zwei Tische mit St\u00fchlen.<\/p>\n<p>&nbsp;<\/p>\n <div id=\"form_id1538226930754\" class=\"wpbc_container wpbc_form wpbc_container_booking_form \" ><form id=\"booking_form4\" class=\"booking_form vertical\" method=\"post\" action=\"\"><div id=\"ajax_respond_insert4\" class=\"ajax_respond_insert\" style=\"display:none;\"><\/div><a name=\"bklnk4\" id=\"bklnk4\"><\/a><div id=\"booking_form_div4\" class=\"booking_form_div\"><div class=\"wpbc__form__div\">\r\n  <div class=\"wpbc_structure_calendar\">\r\n    <div class=\"wpbc_calendar_wraper wpbc_calendar_skin_legacy\"><div class=\"wpbc_cal_container bk_calendar_frame wpbc_no_custom_width  months_num_in_row_ cal_month_num_1\" style=\"\"><div id=\"calendar_booking4\"  class=\"wpbc_calendar_id_4\" >\t<div class=\"calendar_loader_frame calendar_loader_frame4\"\r\n\t\tdata-wpbc-rid=\"4\"\r\n\t\tdata-wpbc-grace=\"8000\"\r\n\t\tstyle=\"--wpbc-loader-cols: 1;\"\r\n\t>\r\n\t\t<div class=\"calendar_loader_text\">Wird geladen...<\/div>\r\n\t\t<div class=\"calendar_loader_frame__progress_line_container\">\r\n\t\t\t<div class=\"calendar_loader_frame__progress_line\"><\/div>\r\n\t\t<\/div>\r\n\t<\/div>\r\n\t<\/div><\/div><textarea id=\"date_booking4\" name=\"date_booking4\" autocomplete=\"off\" style=\"display:none;\"><\/textarea><div class=\"block_hints datepick \"><div class=\"wpdev_hint_with_text\"><div class=\"\"><div class=\"datepick-inline wpbc_calendar_legend_table_width_height\"><table class=\"datepick wpbc_calendar\" style=\"\"><tbody><tr><td class=\"datepick-days-cell date_available wpbc_calendar_legend_day_cell_height\"><div class=\"wpbc-cell-box\">\t<div class=\"date-cell-content\">\t\t<div class=\"date-content-top\"><\/div>\t\t<a>&nbsp;<\/a>\t\t<div class=\"date-content-bottom\"><\/div>\t<\/div><\/div><\/td><\/tr><\/tbody><\/table><\/div><\/div><div class=\"block_text\">- <\/div><div class=\"block_text\">frei<\/div><\/div><div class=\"wpdev_hint_with_text\"><div class=\"\"><div class=\"datepick-inline wpbc_calendar_legend_table_width_height\"><table class=\"datepick wpbc_calendar\" style=\"\"><tbody><tr><td class=\"datepick-days-cell datepick-unselectable date_user_unavailable full_day_booking date_approved wpbc_calendar_legend_day_cell_height\"><div class=\"wpbc-cell-box\">\t<div class=\"date-cell-content\">\t\t<div class=\"date-content-top\"><\/div>\t\t<span>&nbsp;<\/span>\t\t<div class=\"date-content-bottom\"><\/div>\t<\/div><\/div><\/td><\/tr><\/tbody><\/table><\/div><\/div><div class=\"block_text\">- <\/div><div class=\"block_text\">belegt<\/div><\/div><div class=\"wpdev_hint_with_text\"><div class=\"\"><div class=\"datepick-inline wpbc_calendar_legend_table_width_height\"><table class=\"datepick wpbc_calendar\" style=\"\"><tbody><tr><td class=\"datepick-days-cell datepick-unselectable date_user_unavailable full_day_booking date2approve wpbc_calendar_legend_day_cell_height\"><div class=\"wpbc-cell-box\">\t<div class=\"date-cell-content\">\t\t<div class=\"date-content-top\"><\/div>\t\t<span>&nbsp;<\/span>\t\t<div class=\"date-content-bottom\"><\/div>\t<\/div><\/div><\/td><\/tr><\/tbody><\/table><\/div><\/div><div class=\"block_text\">- <\/div><div class=\"block_text\">angefragt<\/div><\/div><\/div><\/div>\r\n  <\/div>\r\n  <div class=\"wpbc_structure_form\">\r\n<p>Bitte w\u00e4hlen Sie im Kalender den Tag und hier den Zeitraum:\r\n     <p>Von <span class=\"wpbc_wrap_select wpdev-form-control-wrap starttime4\"><select onchange=\"javascript:if(typeof( wpbc_show_cost_hints_after_few_seconds )=='function'){wpbc_show_cost_hints_after_few_seconds(4);}\" name=\"starttime4\" autocomplete=\"starttime\" class=\"wpdev-validates-as-required\"><option value=\"07:00\">07:00<\/option><option value=\"07:30\">07:30<\/option><option value=\"08:00\">08:00<\/option><option value=\"08:30\">08:30<\/option><option value=\"09:00\">09:00<\/option><option value=\"09:30\">09:30<\/option><option value=\"10:00\">10:00<\/option><option value=\"10:30\">10:30<\/option><option value=\"11:00\">11:00<\/option><option value=\"11:30\">11:30<\/option><option value=\"12:00\">12:00<\/option><option value=\"12:30\">12:30<\/option><option value=\"13:00\" selected=\"selected\">13:00<\/option><option value=\"13:30\">13:30<\/option><option value=\"14:00\">14:00<\/option><option value=\"14:30\">14:30<\/option><option value=\"15:00\">15:00<\/option><option value=\"15:30\">15:30<\/option><option value=\"16:00\">16:00<\/option><option value=\"16:30\">16:30<\/option><option value=\"17:00\">17:00<\/option><option value=\"17:30\">17:30<\/option><option value=\"18:00\">18:00<\/option><option value=\"18:30\">18:30<\/option><option value=\"19:00\">19:00<\/option><option value=\"19:30\">19:30<\/option><option value=\"20:00\">20:00<\/option><option value=\"20:30\">20:30<\/option><option value=\"21:00\">21:00<\/option><\/select><\/span><\/p>\r\n<p>Bis <span class=\"wpbc_wrap_select wpdev-form-control-wrap endtime4\"><select onchange=\"javascript:if(typeof( wpbc_show_cost_hints_after_few_seconds )=='function'){wpbc_show_cost_hints_after_few_seconds(4);}\" name=\"endtime4\" autocomplete=\"endtime\" class=\"wpdev-validates-as-required\"><option value=\"08:00\">08:00<\/option><option value=\"08:30\">08:30<\/option><option value=\"09:00\">09:00<\/option><option value=\"09:30\">09:30<\/option><option value=\"10:00\"><\/option><option value=\"10:30\"><\/option><option value=\"11:00\"><\/option><option value=\"11:30\">11:30<\/option><option value=\"12:00\">12:00<\/option><option value=\"12:30\">12:30<\/option><option value=\"13:00\" selected=\"selected\">13:00<\/option><option value=\"13:30\">13:30<\/option><option value=\"14:00\">14:00<\/option><option value=\"14:30\">14:30<\/option><option value=\"15:00\">15:00<\/option><option value=\"15:30\">15:30<\/option><option value=\"16:00\">16:00<\/option><option value=\"16:30\">16:30<\/option><option value=\"17:00\">17:00<\/option><option value=\"17:30\">17:30<\/option><option value=\"18:00\">18:00<\/option><option value=\"18:30\">18:30<\/option><option value=\"19:00\">19:00<\/option><option value=\"19:30\">19:30<\/option><option value=\"20:00\">20:00<\/option><option value=\"20:30\">20:30<\/option><option value=\"21:00\">21:00<\/option><option value=\"21:30\">21:30<\/option><option value=\"22:00\">22:00<\/option><\/select><\/span><\/p>\r\n<p>Gruppe\/Organisation*:<br \/><span class=\"wpbc_wrap_text wpdev-form-control-wrap name4\"><input type=\"text\" name=\"name4\" value=\"\" autocomplete=\"name\" class=\"wpdev-validates-as-required\" size=\"40\" \/><\/span><\/p>\r\n     <p>E-Mail*:<br \/><span class=\"wpbc_wrap_text wpdev-form-control-wrap email4\"><input type=\"email\" name=\"email4\" value=\"\" autocomplete=\"email\" class=\"wpdev-validates-as-email wpdev-validates-as-required\" size=\"40\" \/><\/span><\/p>\r\n     <p>Telefon:<br \/><span class=\"wpbc_wrap_text wpdev-form-control-wrap phone4\"><input type=\"text\" name=\"phone4\" value=\"\" autocomplete=\"phone\" size=\"40\" \/><\/span><\/p>\r\n     <p>Bemerkungen:<br \/><span class=\"wpbc_wrap_textarea wpdev-form-control-wrap details4\"><textarea name=\"details4\" autocomplete=\"details\"><\/textarea><\/span><\/p>\r\n<p>Ich habe die <a href=\"https:\/\/pv-prutting-vogtareuth.de\/hinweise-zum-datenschutz\/\">Datenschutzerkl\u00e4rung<\/a> verstanden und akzeptiere die <a href=\"https:\/\/pv-prutting-vogtareuth.de\/pfarrheim-st-emmeram\/wp-content\/uploads\/sites\/7\/2023\/06\/HausBenutzungPfarrheim_260412.pdf\">Haus- und Benutzungsordnung<\/a> im Zusammenhang mit dem <a href=\"https:\/\/pv-prutting-vogtareuth.de\/pfarrheim-st-emmeram\/wp-content\/uploads\/sites\/7\/2023\/05\/230525-Pfarrheimvertrag.pdf\">Nutzungsvertrag<\/a>: <span class=\"wpbc_wrap_checkbox wpdev-form-control-wrap nutzungsbedingungen4\"><span autocomplete=\"nutzungsbedingungen\" class=\"wpdev-validates-as-required wpdev-checkbox\"><span class=\"wpdev-list-item\"><input  autocomplete=\"nutzungsbedingungen\" class=\"wpdev-validates-as-required wpdev-checkbox\" onchange=\"javascript:if(typeof( wpbc_show_cost_hints_after_few_seconds )=='function'){wpbc_show_cost_hints_after_few_seconds(4);}\"  type=\"checkbox\"  name=\"nutzungsbedingungen4[]\"  value=\"\" \/><span class=\"wpdev-list-item-label\"><\/span><\/span><\/span><\/span><\/p>\r\n     <p><span class=\"wpbc_text_captcha_container wpdev-form-control-wrap \"><input  autocomplete=\"off\" type=\"hidden\" name=\"wpdev_captcha_challenge_4\"  id=\"wpdev_captcha_challenge_4\" value=\"1382448230\" \/><input  autocomplete=\"off\" type=\"text\" class=\"captachinput\" value=\"\" name=\"captcha_input4\" id=\"captcha_input4\" \/><img decoding=\"async\" class=\"captcha_img\"  id=\"captcha_img4\" alt=\"To show CAPTCHA, please deactivate cache plugin or exclude this page from caching or disable CAPTCHA at WP Booking Calendar - Settings General page in Form Options section.\" src=\"https:\/\/pv-prutting-vogtareuth.de\/pfarrheim-st-emmeram\/wp-content\/plugins\/booking\/js\/captcha\/tmp\/1382448230.png\" \/><\/span><\/p>\r\n     <p>Stimmt alles? <input type=\"button\" value=\"Absenden\" class=\"wpbc_button_light  btn btn\" onclick=\"wpbc_booking_form_submit(this.form,4, 'de_DE');\" \/><\/p>\r\n  <\/div>\r\n<\/div>\r\n<div class=\"wpbc_booking_form_footer\"><\/div><script type=\"text\/javascript\">(function() { var a = setInterval( function() {  if ( ( 'undefined' === typeof _wpbc ) || ( 'undefined' === typeof jQuery ) || ! window.jQuery ) { return; } clearInterval( a ); jQuery( document ).ready( function (){\t\tmoveOptionalElementsToGarbage( 4 );\r\n\t} ); }, 500 ); })();<\/script><script type=\"text\/javascript\">(function() { var a = setInterval( function() {  if ( ( 'undefined' === typeof _wpbc ) || ( 'undefined' === typeof jQuery ) || ! window.jQuery ) { return; } clearInterval( a ); jQuery( document ).ready( function (){\t\t_wpbc.seasons__set( 4, [] );\r\n\t} ); }, 500 ); })();<\/script><input id=\"bk_type4\" name=\"bk_type4\" class=\"\" type=\"hidden\" value=\"4\" \/><\/div><div id=\"submiting4\"><\/div><div class=\"form_bk_messages\" id=\"form_bk_messages4\" ><\/div><input type=\"hidden\" id=\"wpbc_nonceCALCULATE_THE_COST4\" name=\"wpbc_nonceCALCULATE_THE_COST4\" value=\"021544bdf2\" \/><input type=\"hidden\" name=\"_wp_http_referer\" value=\"\/pfarrheim-st-emmeram\/wp-json\/wp\/v2\/pages\/29\" \/><\/form><\/div><div id=\"booking_form_garbage4\" class=\"booking_form_garbage\"><\/div>\n<script id=\"wpbc-inline-js-wpbc-dup-calendar-warn-4\" type=\"text\/javascript\">\n(function() { var a = setInterval( function() {  if ( ( 'undefined' === typeof _wpbc ) || ( 'undefined' === typeof jQuery ) || ! window.jQuery ) { return; } clearInterval( a ); jQuery( document ).ready( function (){\njQuery(\".widget_wpdev_booking .booking_form.form-horizontal\").removeClass(\"form-horizontal\");\nvar calendars__on_this_page_list = _wpbc.get_other_param(\"calendars__on_this_page\") || [];\nvar visible_calendars_count = calendars__on_this_page_list.length;\nif (visible_calendars_count !== null) {\n  for (var i=0; i<visible_calendars_count; i++) {\n    if (_wpbc.get_other_param(\"calendars__on_this_page\")[i] === 4) {\n      console.log(\"%c%s\", \"color: #e77; font-weight:bold\", \"Warning! The booking calendar for this resource with the ID = 4 is already on the page. Find more details here: https:\\\/\\\/wpbookingcalendar.com\\\/faq\\\/why-the-booking-calendar-widget-not-show-on-page\\\/\");\n    }\n  }\n  _wpbc.get_other_param(\"calendars__on_this_page\")[visible_calendars_count] = 4;\n};\n} ); }, 500 ); })();\n<\/script>\n <script type=\"text\/javascript\"> (function() { var a = setInterval( function() {  if ( ( 'undefined' === typeof _wpbc ) || ( 'undefined' === typeof jQuery ) || ! window.jQuery ) { return; } clearInterval( a ); jQuery( document ).ready( function (){ _wpbc.balancer__set_max_threads( 3 );  _wpbc.calendar__set_param_value( 4 , 'calendar_scroll_to' , false );  _wpbc.calendar__set_param_value( 4 , 'calendar_dates_start' , \"\" );  _wpbc.calendar__set_param_value( 4 , 'calendar_dates_end'   , \"\" );  _wpbc.calendar__set_param_value( 4 , 'booking_max_monthes_in_calendar' , \"1y\" );  _wpbc.calendar__set_param_value( 4 , 'booking_start_day_weeek' , \"0\" );  _wpbc.calendar__set_param_value( 4 , 'calendar_number_of_months' , \"1\" );  _wpbc.calendar__set_param_value( 4, 'days_select_mode', \"single\" );  _wpbc.calendar__set_param_value( 4, 'fixed__days_num', 3 );  _wpbc.calendar__set_param_value( 4, 'fixed__week_days__start',   [-1] );  _wpbc.calendar__set_param_value( 4, 'dynamic__days_min', 1 );  _wpbc.calendar__set_param_value( 4, 'dynamic__days_max', 7 );  _wpbc.calendar__set_param_value( 4, 'dynamic__days_specific',    [] );  _wpbc.calendar__set_param_value( 4, 'dynamic__week_days__start', [-1] );  _wpbc.calendar__set_param_value( 4, 'booking_date_format', \"d.m.y\" );  _wpbc.calendar__set_param_value( 4, 'booking_time_format', \"H:i\" );  _wpbc.calendar__set_param_value( 4 , 'booking_recurrent_time' , \"Off\" );  if ( 'function' === typeof ( wpbc__conditions__SAVE_INITIAL__days_selection_params__bm ) ) { wpbc__conditions__SAVE_INITIAL__days_selection_params__bm( 4 ); }  wpbc_calendar_show(\"4\");  _wpbc.set_secure_param('nonce', \"0549da4799\");  _wpbc.set_secure_param('user_id', \"0\");  _wpbc.set_secure_param('locale', \"de_DE\");  wpbc_calendar__load_data__ajx({\"resource_id\":4,\"booking_hash\":\"\",\"request_uri\":\"\\\/pfarrheim-st-emmeram\\\/wp-json\\\/wp\\\/v2\\\/pages\\\/29\",\"custom_form\":\"standard\",\"aggregate_resource_id_str\":\"\",\"aggregate_type\":\"all\"}); } ); }, 500 ); })();<\/script>\n","protected":false},"excerpt":{"rendered":"<p>Dieser Gruppenraum ist ca. 23\u00a0m\u00b2 gro\u00df und ideal f\u00fcr Kleingruppen; zwei Tische mit St\u00fchlen. &nbsp;<\/p>\n","protected":false},"author":1,"featured_media":89,"parent":0,"menu_order":0,"comment_status":"closed","ping_status":"closed","template":"","meta":{"footnotes":""},"class_list":["post-29","page","type-page","status-publish","has-post-thumbnail","hentry","post","post-with-thumbnail","post-with-thumbnail-large"],"_links":{"self":[{"href":"https:\/\/pv-prutting-vogtareuth.de\/pfarrheim-st-emmeram\/wp-json\/wp\/v2\/pages\/29","targetHints":{"allow":["GET"]}}],"collection":[{"href":"https:\/\/pv-prutting-vogtareuth.de\/pfarrheim-st-emmeram\/wp-json\/wp\/v2\/pages"}],"about":[{"href":"https:\/\/pv-prutting-vogtareuth.de\/pfarrheim-st-emmeram\/wp-json\/wp\/v2\/types\/page"}],"author":[{"embeddable":true,"href":"https:\/\/pv-prutting-vogtareuth.de\/pfarrheim-st-emmeram\/wp-json\/wp\/v2\/users\/1"}],"replies":[{"embeddable":true,"href":"https:\/\/pv-prutting-vogtareuth.de\/pfarrheim-st-emmeram\/wp-json\/wp\/v2\/comments?post=29"}],"version-history":[{"count":9,"href":"https:\/\/pv-prutting-vogtareuth.de\/pfarrheim-st-emmeram\/wp-json\/wp\/v2\/pages\/29\/revisions"}],"predecessor-version":[{"id":314,"href":"https:\/\/pv-prutting-vogtareuth.de\/pfarrheim-st-emmeram\/wp-json\/wp\/v2\/pages\/29\/revisions\/314"}],"wp:featuredmedia":[{"embeddable":true,"href":"https:\/\/pv-prutting-vogtareuth.de\/pfarrheim-st-emmeram\/wp-json\/wp\/v2\/media\/89"}],"wp:attachment":[{"href":"https:\/\/pv-prutting-vogtareuth.de\/pfarrheim-st-emmeram\/wp-json\/wp\/v2\/media?parent=29"}],"curies":[{"name":"wp","href":"https:\/\/api.w.org\/{rel}","templated":true}]}}