{"id":84,"date":"2018-08-02T18:43:58","date_gmt":"2018-08-02T16:43:58","guid":{"rendered":"https:\/\/pv-prutting-vogtareuth.de\/kindergarten-zaisering\/?page_id=84"},"modified":"2023-01-30T16:53:24","modified_gmt":"2023-01-30T15:53:24","slug":"herzlich-willkommen","status":"publish","type":"page","link":"https:\/\/pv-prutting-vogtareuth.de\/kindergarten-zaisering\/","title":{"rendered":"Herzlich willkommen!"},"content":{"rendered":"<p style=\"text-align: left\">Unser Kindergarten befindet sich im Ortskern von Zaisering, einem Ortsteil der Gemeinde Vogtareuth. In unserem kleinen Dorf bieten sich f\u00fcr Kinder zahlreiche Erkundungsm\u00f6glichkeiten in der Natur. Haupts\u00e4chlich besuchen Kinder aus dem Ort und den umliegenden Ortschaften unsere Einrichtung.<\/p>\n<p style=\"text-align: center\"><img loading=\"lazy\" decoding=\"async\" class=\"alignnone size-full wp-image-64\" src=\"https:\/\/pv-prutting-vogtareuth.de\/kindergarten-zaisering\/wp-content\/uploads\/sites\/6\/2018\/08\/Kiga-Zaisering-1.jpg\" alt=\"\" width=\"1280\" height=\"768\" srcset=\"https:\/\/pv-prutting-vogtareuth.de\/kindergarten-zaisering\/wp-content\/uploads\/sites\/6\/2018\/08\/Kiga-Zaisering-1.jpg 1280w, https:\/\/pv-prutting-vogtareuth.de\/kindergarten-zaisering\/wp-content\/uploads\/sites\/6\/2018\/08\/Kiga-Zaisering-1-300x180.jpg 300w, https:\/\/pv-prutting-vogtareuth.de\/kindergarten-zaisering\/wp-content\/uploads\/sites\/6\/2018\/08\/Kiga-Zaisering-1-768x461.jpg 768w, https:\/\/pv-prutting-vogtareuth.de\/kindergarten-zaisering\/wp-content\/uploads\/sites\/6\/2018\/08\/Kiga-Zaisering-1-1024x614.jpg 1024w\" sizes=\"auto, (max-width: 1280px) 100vw, 1280px\" \/><\/p>\n<p style=\"text-align: left\">Zurzeit besteht unser Kindergarten aus vier Gruppen, einer Kleinkindergruppe mit etwa 12 Kindern im Alter von 1-3 Jahren, zwei Regelkindergartengruppen mit bis zu 25 Kindern im Alter von 3-6 Jahren und einer Hortgruppe mit bis zu 15 Schulkindern.<\/p>\n<p>Unsere p\u00e4dagogische Arbeit ist situationsorientiert, teiloffen und familienerg\u00e4nzend\u00a0auf der Grundlage des bayrischen Bildungs- und Erziehungsplans &#8211; BEP.\u00a0<\/p>\n<p>Der Tr\u00e4ger des Kindergartens St. Vitus ist der <a href=\"http:\/\/www.pfarrverband-stephanskirchen.de\/pfarrverband\/kindergaerten\/\">Kitaverbund Simssee. <\/a><\/p>\n<p>Tr\u00e4gervertretung und Ansprechpartner ist Herr Markus Kahler.<\/p>\n\n\n<p><\/p>\n","protected":false},"excerpt":{"rendered":"<p>Unser Kindergarten befindet sich im Ortskern von Zaisering, einem Ortsteil der Gemeinde Vogtareuth. In unserem kleinen Dorf bieten sich f\u00fcr Kinder zahlreiche Erkundungsm\u00f6glichkeiten in der Natur. Haupts\u00e4chlich besuchen Kinder aus dem Ort und den umliegenden Ortschaften unsere Einrichtung. Zurzeit besteht unser Kindergarten aus vier Gruppen, einer Kleinkindergruppe mit etwa 12 Kindern im Alter von 1-3 [&hellip;]<\/p>\n","protected":false},"author":68,"featured_media":0,"parent":0,"menu_order":0,"comment_status":"closed","ping_status":"closed","template":"","meta":{"footnotes":""},"class_list":["post-84","page","type-page","status-publish","hentry","post"],"_links":{"self":[{"href":"https:\/\/pv-prutting-vogtareuth.de\/kindergarten-zaisering\/wp-json\/wp\/v2\/pages\/84","targetHints":{"allow":["GET"]}}],"collection":[{"href":"https:\/\/pv-prutting-vogtareuth.de\/kindergarten-zaisering\/wp-json\/wp\/v2\/pages"}],"about":[{"href":"https:\/\/pv-prutting-vogtareuth.de\/kindergarten-zaisering\/wp-json\/wp\/v2\/types\/page"}],"author":[{"embeddable":true,"href":"https:\/\/pv-prutting-vogtareuth.de\/kindergarten-zaisering\/wp-json\/wp\/v2\/users\/68"}],"replies":[{"embeddable":true,"href":"https:\/\/pv-prutting-vogtareuth.de\/kindergarten-zaisering\/wp-json\/wp\/v2\/comments?post=84"}],"version-history":[{"count":12,"href":"https:\/\/pv-prutting-vogtareuth.de\/kindergarten-zaisering\/wp-json\/wp\/v2\/pages\/84\/revisions"}],"predecessor-version":[{"id":339,"href":"https:\/\/pv-prutting-vogtareuth.de\/kindergarten-zaisering\/wp-json\/wp\/v2\/pages\/84\/revisions\/339"}],"wp:attachment":[{"href":"https:\/\/pv-prutting-vogtareuth.de\/kindergarten-zaisering\/wp-json\/wp\/v2\/media?parent=84"}],"curies":[{"name":"wp","href":"https:\/\/api.w.org\/{rel}","templated":true}]}}