{"id":17,"date":"2018-08-02T16:26:11","date_gmt":"2018-08-02T14:26:11","guid":{"rendered":"https:\/\/pv-prutting-vogtareuth.de\/kindergarten-zaisering\/?page_id=17"},"modified":"2024-01-25T13:46:38","modified_gmt":"2024-01-25T12:46:38","slug":"anmeldung","status":"publish","type":"page","link":"https:\/\/pv-prutting-vogtareuth.de\/kindergarten-zaisering\/homepage\/anmeldung\/","title":{"rendered":"Anmeldung"},"content":{"rendered":"\n<p class=\"has-text-align-left\">Sie m\u00f6chten Ihr Kind gerne ab September 2024 bei uns in der Einrichtung betreuen lassen?<\/p>\n\n\n\n<p>Dann freuen wir uns, wenn Sie sich mit uns in Verbindung setzen und in der Woche vom 26.02 -01.30. in der Zeit von 8.00 &#8211; 15.00 Uhr einen Anmeldetermin vereinbaren.<\/p>\n\n\n\n<p class=\"has-text-align-left\">Gerne unterst\u00fctzen wir Sie an diesen Tagen beim Ausf\u00fcllen der Anmeldeunterlagen, beantworten Ihre Fragen und f\u00fchren Sie und Ihr Kind durch unsere Einrichtung.<\/p>\n\n\n\n<p><strong>Bitte melden Sie sich telefonisch oder per E-Mail und vereinbaren f\u00fcr den Tag einen genauen Termin.<\/strong><\/p>\n\n\n\n<p>Sollte es Ihnen nicht m\u00f6glich sein, an unseren Anmeldetagen vorbei zu kommen, bieten wir Ihnen gerne einen Ersatztermin an.<\/p>\n\n\n\n<p>Die ausgef\u00fcllten Unterlagen sollten bis sp\u00e4testens 15.03.2024 per E-Mail, Post oder Einwurf in unseren Briefkasten bei uns eingehen, damit wir das Kind f\u00fcr die Planung ab September 2024 ber\u00fccksichtigen k\u00f6nnen.<\/p>\n\n\n\n<p><strong>Zur Anmeldung sind zwingend mitzubringen:<\/strong><\/p>\n\n\n\n<ul class=\"wp-block-list\">\n<li>das \u00e4rztliche Vorsorgeheft (gelbes U-Heft) ihres Kindes<\/li>\n\n\n\n<li>der Impfpass ihres Kindes (Nachweis Masernimpfung)<\/li>\n\n\n\n<li>Personalausweis\/Aufenthaltstitel<\/li>\n<\/ul>\n\n\n\n<ul class=\"wp-block-list\">\n<li>bei Alleinerziehenden entsprechende Sorgerechtserkl\u00e4rungen<\/li>\n\n\n\n<li>bei Wunsch nach einem Integrationsplatz (bei vorhandener oder drohender Behinderung ihres Kindes) entsprechende \u00e4rztliche Atteste.<\/li>\n<\/ul>\n\n\n\n<p>Bei weiteren Fragen stehen Ihnen Ewa Lames-Sbaih (Einrichtungsleitung) und Martina Gr\u00f6ls (stellvertretende Leitung) gerne zur Verf\u00fcgung!<\/p>\n\n\n\n<p><strong>Wir freuen uns schon darauf, Sie pers\u00f6nlich kennenzulernen!<\/strong><\/p>\n\n\n\n<figure class=\"wp-block-gallery has-nested-images columns-default is-cropped wp-block-gallery-1 is-layout-flex wp-block-gallery-is-layout-flex\">\n<figure class=\"wp-block-image size-large\"><a href=\"https:\/\/pv-prutting-vogtareuth.de\/kindergarten-zaisering\/wp-content\/uploads\/sites\/6\/2023\/01\/Voranmeldung-Zaisering-HfK-Vog-2022-2023.pdf\"><img loading=\"lazy\" decoding=\"async\" width=\"636\" height=\"900\" data-id=\"327\" src=\"https:\/\/pv-prutting-vogtareuth.de\/kindergarten-zaisering\/wp-content\/uploads\/sites\/6\/2023\/01\/Voranmeldung-Zaisering-HfK-Vog-2022-2023.jpg\" alt=\"\" class=\"wp-image-327\" srcset=\"https:\/\/pv-prutting-vogtareuth.de\/kindergarten-zaisering\/wp-content\/uploads\/sites\/6\/2023\/01\/Voranmeldung-Zaisering-HfK-Vog-2022-2023.jpg 636w, https:\/\/pv-prutting-vogtareuth.de\/kindergarten-zaisering\/wp-content\/uploads\/sites\/6\/2023\/01\/Voranmeldung-Zaisering-HfK-Vog-2022-2023-212x300.jpg 212w\" sizes=\"auto, (max-width: 636px) 100vw, 636px\" \/><\/a><figcaption class=\"wp-element-caption\">Voranmeldebogen (PDF)<\/figcaption><\/figure>\n<\/figure>\n\n\n\n<h2 class=\"wp-block-heading has-text-align-left\">Aufnahmekriterien<\/h2>\n\n\n\n<p class=\"has-text-align-left\">Die Aufnahme der Kinder in den Kindergarten richtet sich nach den vorhandenen freien Pl\u00e4tzen. K\u00f6nnen nicht alle Kinder aufgenommen werden, so treffen Tr\u00e4ger und Kindergartenleitung die Entscheidung \u00fcber die Aufnahme nach folgenden Kriterien:<\/p>\n\n\n\n<ul class=\"wp-block-list\">\n<li>Erstwohnsitz in der Gemeinde Vogtareuth<\/li>\n\n\n\n<li>Familiensituation des Kindes<\/li>\n\n\n\n<li>Alter des Kindes<\/li>\n<\/ul>\n\n\n\n<h2 class=\"wp-block-heading has-text-align-left\">Geb\u00fchren<\/h2>\n\n\n\n<p class=\"has-text-align-left\">Der Elternbeitrag ist zw\u00f6lf Monate zu bezahlen.<\/p>\n\n\n\n<p class=\"has-text-align-left\">Im Elternbeitrag ist das Spielgeld in H\u00f6he von 6,-\u20ac und einer K\u00fcchenpauschale von 2,50\u20ac enthalten.<\/p>\n\n\n\n<h2 class=\"wp-block-heading has-text-align-left\">Mindestbuchungszeiten<\/h2>\n\n\n\n<p class=\"has-text-align-left\">Kinder <strong>unter 3 Jahren: min. 16 Stunden<\/strong>\/Woche (4 \u00d7 4 Stunden)<\/p>\n\n\n\n<p class=\"has-text-align-left\">Kinder <strong>ab 3 Jahren<\/strong>: <strong>min. 20 Stunden<\/strong>\/Woche (5 \u00d7 4 Stunden)<\/p>\n\n\n\n<p class=\"has-text-align-left\"><strong>Schulkinder: 5 Stunden<\/strong>\/Woche<\/p>\n\n\n\n<h2 class=\"wp-block-heading\">Monatliche Elternbeitr\u00e4ge<\/h2>\n\n\n\n<h4 class=\"wp-block-heading\">(g\u00fcltig ab 01.09.2023)<\/h4>\n\n\n\n<p class=\"has-text-align-left\">(Ohne Gew\u00e4hr, ma\u00dfgeblich ist die im Kindergarten St. Vitus aufliegende Geb\u00fchrenordnung.)<\/p>\n\n\n\n<p class=\"has-text-align-left\">Den Kita-Zuschuss vom Staat in H\u00f6he von \u20ac 100,- bekommen alle Kinder ab dem 3. Lebensjahr bis zum Schuleintritt und wird monatlich verrechnet.<\/p>\n\n\n\n<h3 class=\"wp-block-heading\">Kinder unter 3 Jahren<\/h3>\n\n\n\n<p class=\"has-text-align-left\">Der monatliche Elternbeitrag betr\u00e4gt bei einer durchschnittlichen t\u00e4glichen Buchungszeit von<br>3\u20134 Stunden: \u20ac 170,50<br>4\u20135 Stunden: \u20ac 201,50<br>5\u20136 Stunden: \u20ac 224,50<br>6\u20137 Stunden: \u20ac 242,00<br>7\u20138 Stunden: \u20ac 269,50<\/p>\n\n\n\n<h3 class=\"wp-block-heading\">Kinder ab 3 Jahren<\/h3>\n\n\n\n<p class=\"has-text-align-left\">Der monatliche Elternbeitrag betr\u00e4gt bei einer durchschnittlichen t\u00e4glichen Buchungszeit von<br>4 Stunden: \u20ac 115,50<br>4\u20135 Stunden: \u20ac 127,00<br>5\u20136 Stunden: \u20ac 138,50<br>6\u20137 Stunden: \u20ac 150,50<br>7\u20138 Stunden: \u20ac 174,50<\/p>\n\n\n\n<h3 class=\"wp-block-heading\">Schulkinder<\/h3>\n\n\n\n<p class=\"has-text-align-left\">Der monatliche Elternbeitrag betr\u00e4gt bei einer durchschnittlichen t\u00e4glichen Buchungszeit von<br>1\u20132 Stunden: \u20ac 39,00<br>2\u20133 Stunden: \u20ac 55,00<br>3\u20134 Stunden: \u20ac 72,00<\/p>\n","protected":false},"excerpt":{"rendered":"<p>Sie m\u00f6chten Ihr Kind gerne ab September 2024 bei uns in der Einrichtung betreuen lassen? Dann freuen wir uns, wenn Sie sich mit uns in Verbindung setzen und in der Woche vom 26.02 -01.30. in der Zeit von 8.00 &#8211; 15.00 Uhr einen Anmeldetermin vereinbaren. Gerne unterst\u00fctzen wir Sie an diesen Tagen beim Ausf\u00fcllen der [&hellip;]<\/p>\n","protected":false},"author":68,"featured_media":0,"parent":46,"menu_order":0,"comment_status":"closed","ping_status":"closed","template":"","meta":{"footnotes":""},"class_list":["post-17","page","type-page","status-publish","hentry","post"],"_links":{"self":[{"href":"https:\/\/pv-prutting-vogtareuth.de\/kindergarten-zaisering\/wp-json\/wp\/v2\/pages\/17","targetHints":{"allow":["GET"]}}],"collection":[{"href":"https:\/\/pv-prutting-vogtareuth.de\/kindergarten-zaisering\/wp-json\/wp\/v2\/pages"}],"about":[{"href":"https:\/\/pv-prutting-vogtareuth.de\/kindergarten-zaisering\/wp-json\/wp\/v2\/types\/page"}],"author":[{"embeddable":true,"href":"https:\/\/pv-prutting-vogtareuth.de\/kindergarten-zaisering\/wp-json\/wp\/v2\/users\/68"}],"replies":[{"embeddable":true,"href":"https:\/\/pv-prutting-vogtareuth.de\/kindergarten-zaisering\/wp-json\/wp\/v2\/comments?post=17"}],"version-history":[{"count":12,"href":"https:\/\/pv-prutting-vogtareuth.de\/kindergarten-zaisering\/wp-json\/wp\/v2\/pages\/17\/revisions"}],"predecessor-version":[{"id":354,"href":"https:\/\/pv-prutting-vogtareuth.de\/kindergarten-zaisering\/wp-json\/wp\/v2\/pages\/17\/revisions\/354"}],"up":[{"embeddable":true,"href":"https:\/\/pv-prutting-vogtareuth.de\/kindergarten-zaisering\/wp-json\/wp\/v2\/pages\/46"}],"wp:attachment":[{"href":"https:\/\/pv-prutting-vogtareuth.de\/kindergarten-zaisering\/wp-json\/wp\/v2\/media?parent=17"}],"curies":[{"name":"wp","href":"https:\/\/api.w.org\/{rel}","templated":true}]}}